{"id":74,"date":"2011-12-18T18:03:05","date_gmt":"2011-12-18T17:03:05","guid":{"rendered":"https:\/\/onzeverbouwing.gerla.nl\/?page_id=74"},"modified":"2012-08-10T20:41:25","modified_gmt":"2012-08-10T19:41:25","slug":"bedrading","status":"publish","type":"page","link":"https:\/\/onzeverbouwing.gerla.nl\/?page_id=74","title":{"rendered":"Bedrading"},"content":{"rendered":"<p>Om onze installatie flexibel en toekomstbestendig te maken moet er een grote hoeveelheid buizen worden gelegd, niet alleen voor apparaten waarvan we al weten dat ze komen, maar ook voor toepassingen\u00a0die we nu nog niet kennen. Loze buizen dus.\u00a0Er komt een installatiekast op de eerste verdieping. Hier plaatsen we de modem\/router, netwerkswitch, tv-versterker, tv-recorder, telefooncentrale, domoticacontroller, alarmcentrale, file\/multimediaserver, etcetera. Dit wordt het kloppende hart van ons huis.<\/p>\n\n\t\t<style type=\"text\/css\">\n\t\t\t#gallery-1 {\n\t\t\t\tmargin: auto;\n\t\t\t}\n\t\t\t#gallery-1 .gallery-item {\n\t\t\t\tfloat: left;\n\t\t\t\tmargin-top: 10px;\n\t\t\t\ttext-align: center;\n\t\t\t\twidth: 25%;\n\t\t\t}\n\t\t\t#gallery-1 img {\n\t\t\t\tborder: 2px solid #cfcfcf;\n\t\t\t}\n\t\t\t#gallery-1 .gallery-caption {\n\t\t\t\tmargin-left: 0;\n\t\t\t}\n\t\t\t\/* see gallery_shortcode() in wp-includes\/media.php *\/\n\t\t<\/style>\n\t\t<div id='gallery-1' class='gallery galleryid-74 gallery-columns-4 gallery-size-thumbnail'><dl class='gallery-item'>\n\t\t\t<dt class='gallery-icon landscape'>\n\t\t\t\t<a href='https:\/\/onzeverbouwing.gerla.nl\/wp-content\/uploads\/2011\/12\/buizen001.jpg'><img loading=\"lazy\" decoding=\"async\" width=\"150\" height=\"150\" src=\"https:\/\/onzeverbouwing.gerla.nl\/wp-content\/uploads\/2011\/12\/buizen001-150x150.jpg\" class=\"attachment-thumbnail size-thumbnail\" alt=\"\" srcset=\"https:\/\/onzeverbouwing.gerla.nl\/wp-content\/uploads\/2011\/12\/buizen001-150x150.jpg 150w, https:\/\/onzeverbouwing.gerla.nl\/wp-content\/uploads\/2011\/12\/buizen001-200x200.jpg 200w\" sizes=\"auto, (max-width: 150px) 100vw, 150px\" \/><\/a>\n\t\t\t<\/dt><\/dl><dl class='gallery-item'>\n\t\t\t<dt class='gallery-icon portrait'>\n\t\t\t\t<a href='https:\/\/onzeverbouwing.gerla.nl\/wp-content\/uploads\/2011\/12\/buizen002.jpg'><img loading=\"lazy\" decoding=\"async\" width=\"150\" height=\"150\" src=\"https:\/\/onzeverbouwing.gerla.nl\/wp-content\/uploads\/2011\/12\/buizen002-150x150.jpg\" class=\"attachment-thumbnail size-thumbnail\" alt=\"\" srcset=\"https:\/\/onzeverbouwing.gerla.nl\/wp-content\/uploads\/2011\/12\/buizen002-150x150.jpg 150w, https:\/\/onzeverbouwing.gerla.nl\/wp-content\/uploads\/2011\/12\/buizen002-200x200.jpg 200w\" sizes=\"auto, (max-width: 150px) 100vw, 150px\" \/><\/a>\n\t\t\t<\/dt><\/dl><dl class='gallery-item'>\n\t\t\t<dt class='gallery-icon landscape'>\n\t\t\t\t<a href='https:\/\/onzeverbouwing.gerla.nl\/wp-content\/uploads\/2011\/12\/buizen003.jpg'><img loading=\"lazy\" decoding=\"async\" width=\"150\" height=\"150\" src=\"https:\/\/onzeverbouwing.gerla.nl\/wp-content\/uploads\/2011\/12\/buizen003-150x150.jpg\" class=\"attachment-thumbnail size-thumbnail\" alt=\"Buizen\" srcset=\"https:\/\/onzeverbouwing.gerla.nl\/wp-content\/uploads\/2011\/12\/buizen003-150x150.jpg 150w, https:\/\/onzeverbouwing.gerla.nl\/wp-content\/uploads\/2011\/12\/buizen003-200x200.jpg 200w\" sizes=\"auto, (max-width: 150px) 100vw, 150px\" \/><\/a>\n\t\t\t<\/dt><\/dl><dl class='gallery-item'>\n\t\t\t<dt class='gallery-icon landscape'>\n\t\t\t\t<a href='https:\/\/onzeverbouwing.gerla.nl\/wp-content\/uploads\/2011\/12\/buizen004.jpg'><img loading=\"lazy\" decoding=\"async\" width=\"150\" height=\"150\" src=\"https:\/\/onzeverbouwing.gerla.nl\/wp-content\/uploads\/2011\/12\/buizen004-150x150.jpg\" class=\"attachment-thumbnail size-thumbnail\" alt=\"Buizen\" srcset=\"https:\/\/onzeverbouwing.gerla.nl\/wp-content\/uploads\/2011\/12\/buizen004-150x150.jpg 150w, https:\/\/onzeverbouwing.gerla.nl\/wp-content\/uploads\/2011\/12\/buizen004-200x200.jpg 200w\" sizes=\"auto, (max-width: 150px) 100vw, 150px\" \/><\/a>\n\t\t\t<\/dt><\/dl><br style=\"clear: both\" \/><dl class='gallery-item'>\n\t\t\t<dt class='gallery-icon portrait'>\n\t\t\t\t<a href='https:\/\/onzeverbouwing.gerla.nl\/wp-content\/uploads\/2011\/12\/Knipsel1.png'><img loading=\"lazy\" decoding=\"async\" width=\"150\" height=\"150\" src=\"https:\/\/onzeverbouwing.gerla.nl\/wp-content\/uploads\/2011\/12\/Knipsel1-150x150.png\" class=\"attachment-thumbnail size-thumbnail\" alt=\"Extreem 2\" srcset=\"https:\/\/onzeverbouwing.gerla.nl\/wp-content\/uploads\/2011\/12\/Knipsel1-150x150.png 150w, https:\/\/onzeverbouwing.gerla.nl\/wp-content\/uploads\/2011\/12\/Knipsel1-200x200.png 200w\" sizes=\"auto, (max-width: 150px) 100vw, 150px\" \/><\/a>\n\t\t\t<\/dt><\/dl><dl class='gallery-item'>\n\t\t\t<dt class='gallery-icon portrait'>\n\t\t\t\t<a href='https:\/\/onzeverbouwing.gerla.nl\/wp-content\/uploads\/2011\/12\/Knipsel.png'><img loading=\"lazy\" decoding=\"async\" width=\"150\" height=\"150\" src=\"https:\/\/onzeverbouwing.gerla.nl\/wp-content\/uploads\/2011\/12\/Knipsel-150x150.png\" class=\"attachment-thumbnail size-thumbnail\" alt=\"Extreem\" srcset=\"https:\/\/onzeverbouwing.gerla.nl\/wp-content\/uploads\/2011\/12\/Knipsel-150x150.png 150w, https:\/\/onzeverbouwing.gerla.nl\/wp-content\/uploads\/2011\/12\/Knipsel-200x200.png 200w\" sizes=\"auto, (max-width: 150px) 100vw, 150px\" \/><\/a>\n\t\t\t<\/dt><\/dl>\n\t\t\t<br style='clear: both' \/>\n\t\t<\/div>\n\n<p>Het wordt een hele klus om dit goed te beschrijven voor de man die dit moet aanleggen. Een manier om hiernaar te kijken is op\u00a0basis van de soort aansluiting\u00a0en de plekken waar je\u00a0die wilt hebben:<\/p>\n<p>TV-aansluitpunten (stroom + coax):<\/p>\n<ul>\n<li>Zolderkamer (onder dakkapel en onder schuine wand t.o. dakkapel)<\/li>\n<li>Badkamer (boven de deur)<\/li>\n<li>Slaapkamer en werkkamer (2x: midden op de binnenmuur en daartegenover in de buitenmuur)<\/li>\n<li>in het kleine kamertje 1x<\/li>\n<li>Keuken (boven de deur naar de gang en boven het aanrecht in de uitbouw, links en rechts daarvan licht)<\/li>\n<li>Huiskamer alle hoeken \u00e9n halverwege de buitenmuur, \u00e9n bij het keukenluik \u00e9n pal daartegenover<\/li>\n<li>Serre links \u00e9n rechts<\/li>\n<\/ul>\n<p><strong>Nieuw inzicht: Ziggo wil binnen een paar jaar af van analoge tv. Dan krijgen we over coax geen signaal meer bij een tv zonder er een decoder bij te zetten. Mogelijk is het beter om nu al in te zetten op HDMI of <a href=\"http:\/\/www.aventum.eu\/index.php?page=shop.product_details&amp;flypage=vmj_ritz.tpl&amp;product_id=407&amp;category_id=82&amp;option=com_virtuemart&amp;Itemid=28\">HDMI over UTP<\/a>. Bovendien heeft een moderne tv een netwerkaansluiting.<\/strong><\/p>\n<p>ICT (2x UTP + stroom):<\/p>\n<ul>\n<li>Zolderkamer (onder dakkapel en onder schuine wand t.o. dakkapel)<\/li>\n<li>Beide werkkamers (3x: midden op de binnenmuur en daartegenover<\/li>\n<li>in de buitenmuur in de hoeken)<\/li>\n<li>Aan de voorzijde buiten, onder de goot<\/li>\n<li>in het kleine kamertje 1x<\/li>\n<li>Op de 1e verdieping overloop met uitzicht op het trapgat<\/li>\n<li>Hal, in de stoppenkast<\/li>\n<li>Keuken (boven het aanrecht in de uitbouw en boven de deur naar de gang)<\/li>\n<li>Huiskamer alle hoeken \u00e9n halverwege de buitenmuur, \u00e9n bij het keukenluik<\/li>\n<li>en pal daartegenover)<\/li>\n<li>Serre links \u00e9n rechts<\/li>\n<li>tot bij de ondergrondse doorgang naar de tuin<\/li>\n<\/ul>\n<p>Bewakingscamera&#8217;s (gecombineerde stroom\/signaal kabel vanuit patchkast):<\/p>\n<ul>\n<li>Gang richting voordeur<\/li>\n<li>Woonkamer richting serredeuren<\/li>\n<li>Tuin<\/li>\n<li>Keuken richting buitendeur<\/li>\n<li>Voorgevel (2x, links en rechts elkaar kruisend)<\/li>\n<li>Op de 1e verdieping overloop met uitzicht op het trapgat<\/li>\n<li>Werkkamer achter, richting balkon<\/li>\n<\/ul>\n<p>Alarm (bewegingsmelders en\/of deur\/raam contacten):<\/p>\n<ul>\n<li>Bedieningspaneel op zijkant stoppenkast en op de slaapkamer, met code<\/li>\n<li>Telefoonmodule<\/li>\n<li>ALLES zelf instelbaar<\/li>\n<li>Twee zones: Begane grond en werkkamer, en de rest v\/h huis<\/li>\n<li>Raam- en deurcontacten en\/of bewegingsmelders?<\/li>\n<li>Evt. binnendeuren<\/li>\n<\/ul>\n<p>Rookmelders (op netstroom):<\/p>\n<ul>\n<li>In alle verblijfsruimtes behalve keuken, badkamer en de woonkamer vanwege de open haard. Daar gebruik je\u00a0temperatuurdetectie<\/li>\n<\/ul>\n<p>Lichtpunten\/rookmelders in plafond:<\/p>\n<ul>\n<li>Zolder overloop (auto + rookmelder) + extra sterk handgeschakeld licht<\/li>\n<li>Garderobe (+ rookmelder)<\/li>\n<li>Zolderkamer (alleen rookmelder)<\/li>\n<li>Badkamer (plafondspots, geen rookmelder)<\/li>\n<li>Slaap-, werkkamer en zijkamer (+ rookmelder)<\/li>\n<li>Overloop 1e verdieping (auto + rookmelder)<\/li>\n<li>Toilet (auto)<\/li>\n<li>Hal (auto + rookmelder)<\/li>\n<li>Toilet (auto)<\/li>\n<li>Keuken (spots in bovenkastjes)<\/li>\n<li>In bovenkant keukenluik (spotjes)<\/li>\n<li>Voorkamer<\/li>\n<li>Achterkamer (rozet?) (+ hittemelder)<\/li>\n<li>Serre<\/li>\n<\/ul>\n<p>Verlichting op deurschakelaar:<\/p>\n<ul>\n<li>Kelderkast<\/li>\n<li>Patchkast<\/li>\n<\/ul>\n<p>Verlichting en stopcontacten onder de vloer (5x):<\/p>\n<ul>\n<li>Keuken<\/li>\n<li>Woonkamer voor<\/li>\n<li>Woonkamer achter<\/li>\n<li>Serre<\/li>\n<li>Hal<\/li>\n<\/ul>\n<p>Stopcontacten (laag tenzij anders aangegeven):<\/p>\n<ul>\n<li>Op de overloop op zolder aan de buitenmuur<\/li>\n<li>In de garderobe aan de buitenmuur<\/li>\n<li>Op de overloop op zolder achter de wasmachine en droger<\/li>\n<li>Voor de verwarmingsketel (plaatsing naar eigen inzicht)<\/li>\n<li>Op de zolderkamer naast de deur (reeds aanwezig)<\/li>\n<li>Op de zolderkamer halverwege de binnenmuur<\/li>\n<li>Op de de 1e verdieping overloop naast de deur naar boven<\/li>\n<li>Werkkamer achter: naast de deur, scharnierzijde<\/li>\n<li>Voorziening voor zonwering op balkon<\/li>\n<li>In de patchkast onder de trap naar de zolder: Zeer veel stopcontacten (meerdere eigen groepen)<\/li>\n<li>Voorziening voor zonwering aan serre<\/li>\n<li>In de toiletten in het plafond \u00e9n in het kastje<\/li>\n<li>Badkamer: In de kast, in de kasten boven en onder de wastafel<\/li>\n<li>Naast de woonkamerdeur<\/li>\n<li>In de stoppenkast<\/li>\n<li>In de kelder bovenaan en onderin<\/li>\n<li>In de keuken naast de deur<\/li>\n<li>In het keukenluik, in beide zijkanten<\/li>\n<li>Aan de buitengevel in de tuin<\/li>\n<\/ul>\n<p>Bel<\/p>\n<ul>\n<li>Van deurpost naar stoppenkast<\/li>\n<\/ul>\n<p>Thermostaat<\/p>\n<ul>\n<li>UTP van ketel naar patchkast<\/li>\n<li>UTP en stroom naar thermostaat<\/li>\n<\/ul>\n<p>Plafondventilatoren<\/p>\n<ul>\n<li>Slaapkamer<\/li>\n<li>Werkkamer<\/li>\n<li>Serre<\/li>\n<\/ul>\n<p>Schakelaars<\/p>\n<ul>\n<li>Woonkamer naast deur<\/li>\n<li>Keuken naast deur<\/li>\n<\/ul>\n<p>&nbsp;<\/p>\n<p>Ook <a href=\"http:\/\/www.aventum.eu\/index.php?page=shop.product_details&amp;flypage=vmj_ritz.tpl&amp;product_id=122&amp;category_id=43&amp;option=com_virtuemart&amp;Itemid=28\">audio over UTP<\/a> is een mogelijkheid.<\/p>\n<p>De trekdozen in de vloer 1e verdieping moeten bereikbaar blijven<\/p>\n<p>Plugwise module bij elk inbouwapparaat in de keuken, of stekkers achteraf nog bereikbaar houden.<\/p>\n<p>Het uitgewerkte <a href=\"https:\/\/onzeverbouwing.gerla.nl\/wp-content\/uploads\/2011\/12\/Leidingenplan.pdf\">leidingenplan<\/a> is er!<\/p>\n","protected":false},"excerpt":{"rendered":"<p>Om onze installatie flexibel en toekomstbestendig te maken moet er een grote hoeveelheid buizen worden gelegd, niet alleen voor apparaten waarvan we al weten dat ze komen, maar ook voor toepassingen\u00a0die we nu nog niet kennen. Loze buizen dus.\u00a0Er komt een installatiekast op de eerste verdieping. Hier plaatsen we de modem\/router, netwerkswitch, tv-versterker, tv-recorder, telefooncentrale, &#8230;<\/p>\n","protected":false},"author":1,"featured_media":0,"parent":19,"menu_order":0,"comment_status":"open","ping_status":"open","template":"","meta":{"footnotes":""},"class_list":["post-74","page","type-page","status-publish","hentry"],"_links":{"self":[{"href":"https:\/\/onzeverbouwing.gerla.nl\/index.php?rest_route=\/wp\/v2\/pages\/74","targetHints":{"allow":["GET"]}}],"collection":[{"href":"https:\/\/onzeverbouwing.gerla.nl\/index.php?rest_route=\/wp\/v2\/pages"}],"about":[{"href":"https:\/\/onzeverbouwing.gerla.nl\/index.php?rest_route=\/wp\/v2\/types\/page"}],"author":[{"embeddable":true,"href":"https:\/\/onzeverbouwing.gerla.nl\/index.php?rest_route=\/wp\/v2\/users\/1"}],"replies":[{"embeddable":true,"href":"https:\/\/onzeverbouwing.gerla.nl\/index.php?rest_route=%2Fwp%2Fv2%2Fcomments&post=74"}],"version-history":[{"count":28,"href":"https:\/\/onzeverbouwing.gerla.nl\/index.php?rest_route=\/wp\/v2\/pages\/74\/revisions"}],"predecessor-version":[{"id":76,"href":"https:\/\/onzeverbouwing.gerla.nl\/index.php?rest_route=\/wp\/v2\/pages\/74\/revisions\/76"}],"up":[{"embeddable":true,"href":"https:\/\/onzeverbouwing.gerla.nl\/index.php?rest_route=\/wp\/v2\/pages\/19"}],"wp:attachment":[{"href":"https:\/\/onzeverbouwing.gerla.nl\/index.php?rest_route=%2Fwp%2Fv2%2Fmedia&parent=74"}],"curies":[{"name":"wp","href":"https:\/\/api.w.org\/{rel}","templated":true}]}}